{"id":1964,"date":"2026-01-05T12:46:42","date_gmt":"2026-01-05T12:46:42","guid":{"rendered":"https:\/\/adaptive.lv\/news\/"},"modified":"2026-03-20T13:08:16","modified_gmt":"2026-03-20T13:08:16","slug":"news","status":"publish","type":"page","link":"https:\/\/adaptive.lv\/en\/news\/","title":{"rendered":"News"},"content":{"rendered":"\t\t<div data-elementor-type=\"wp-page\" data-elementor-id=\"1964\" class=\"elementor elementor-1964 elementor-1783\">\n\t\t\t\t<div class=\"elementor-element elementor-element-1173630 e-flex e-con-boxed e-con e-parent\" data-id=\"1173630\" data-element_type=\"container\" data-e-type=\"container\">\n\t\t\t\t\t<div class=\"e-con-inner\">\n\t\t<div class=\"elementor-element elementor-element-4126e80 e-con-full e-flex e-con e-child\" data-id=\"4126e80\" data-element_type=\"container\" data-e-type=\"container\">\n\t\t<div class=\"elementor-element elementor-element-eb3fd2e e-con-full e-flex e-con e-child\" data-id=\"eb3fd2e\" data-element_type=\"container\" data-e-type=\"container\">\n\t\t\t\t<div class=\"elementor-element elementor-element-d39ba4f lineByLineReveal animated-fast elementor-invisible elementor-widget elementor-widget-heading\" data-id=\"d39ba4f\" data-element_type=\"widget\" data-e-type=\"widget\" data-settings=\"{&quot;_animation&quot;:&quot;fadeIn&quot;}\" data-widget_type=\"heading.default\">\n\t\t\t\t<div class=\"elementor-widget-container\">\n\t\t\t\t\t<h1 class=\"elementor-heading-title elementor-size-default\">News<\/h1>\t\t\t\t<\/div>\n\t\t\t\t<\/div>\n\t\t\t\t<div class=\"elementor-element elementor-element-a3aa5b3 elementor-invisible elementor-widget elementor-widget-heading\" data-id=\"a3aa5b3\" data-element_type=\"widget\" data-e-type=\"widget\" data-settings=\"{&quot;_animation&quot;:&quot;fadeInUp&quot;,&quot;_animation_delay&quot;:600}\" data-widget_type=\"heading.default\">\n\t\t\t\t<div class=\"elementor-widget-container\">\n\t\t\t\t\t<span class=\"elementor-heading-title elementor-size-default\">Adaptive\u2019s news section brings you practical insights on industry developments and company updates. Discover the latest solutions, projects, technology trends, and real-world experiences from Adaptive \u2014 helping you stay informed, anticipate challenges, and make smarter decisions. <\/span>\t\t\t\t<\/div>\n\t\t\t\t<\/div>\n\t\t\t\t<\/div>\n\t\t\t\t<\/div>\n\t\t\t\t\t<\/div>\n\t\t\t\t<\/div>\n\t\t<div class=\"elementor-element elementor-element-0a7abd6 e-flex e-con-boxed e-con e-parent\" data-id=\"0a7abd6\" data-element_type=\"container\" data-e-type=\"container\">\n\t\t\t\t\t<div class=\"e-con-inner\">\n\t\t\t\t<div class=\"elementor-element elementor-element-4eac699 animated-slow elementor-invisible elementor-widget elementor-widget-uael-posts\" data-id=\"4eac699\" data-element_type=\"widget\" data-e-type=\"widget\" data-settings=\"{&quot;classic_slides_to_show&quot;:2,&quot;_animation&quot;:&quot;fadeInUp&quot;,&quot;classic_slides_to_show_tablet&quot;:2,&quot;classic_slides_to_show_mobile&quot;:1,&quot;classic_show_filters&quot;:&quot;no&quot;}\" data-widget_type=\"uael-posts.classic\">\n\t\t\t\t<div class=\"elementor-widget-container\">\n\t\t\t\t\t\t\t<div class=\"uael-post__header\">\n\t\t\t\t\t<\/div>\n\t\t<div class=\"uael-post__body\">\n\t\t\t\n\t\t\n\t\t<div class=\"uael-blog-terms-position-above_content uael-post-image-top uael-post-grid uael-posts\" data-query-type=\"custom\" data-structure=\"normal\" data-layout=\"\" data-page=\"1964\" data-skin=\"classic\" data-filter-default=\"\" data-offset-top=\"30\" >\n\n\t\t\t\t\t\t\t<div class=\"uael-post-grid__inner uael-post__columns-2 uael-post__columns-tablet-2 uael-post__columns-mobile-1\">\n\t\t\t\n<div class=\"uael-post-wrapper   news \">\n\t<div class=\"uael-post__bg-wrap uael-bg-wrap-disabled \">\n\n\t\t\t\t\n\t\t<div class=\"uael-post__inner-wrap uael-inner-wrap-disabled\">\n\n\t\t\t\t<div class=\"uael-post__thumbnail\">\n\t\t\t\n\t\t\t<a href=\"https:\/\/adaptive.lv\/en\/hp-eliteboard-g1a-next-gen-ai-pc\/\" target=\"_self\" title=\"HP EliteBoard G1a Next Gen AI PC\"><img fetchpriority=\"high\" decoding=\"async\" width=\"640\" height=\"640\" src=\"https:\/\/adaptive.lv\/wp-content\/uploads\/2026\/03\/carousel-04_hp-wolf-security-for-business-mob@2x-e1772462390983.avif\" class=\"attachment-full size-full wp-image-2087\" alt=\"HP EliteBoard G1a Adaptive jaunumi\" \/><\/a>\n\t\t\t\t\t<\/div>\n\t\t\n\t\t\t\n\t\t\t<div class=\"uael-post__content-wrap uael-content-wrap-disabled\">\n\t\t\t\t\t\t\t<div class=\"uael-post__terms-wrap\"><span class=\"uael-post__terms\"><span class=\"uael-listing__terms-link\">News<\/span><\/span><\/div>\n\t\t\t\t\t\t<h3 class=\"uael-post__title\">\n\n\t\t\n\t\t\t\t\t\t<a href=\"https:\/\/adaptive.lv\/en\/hp-eliteboard-g1a-next-gen-ai-pc\/\" target=\"_self\">\n\t\t\t\tHP EliteBoard G1a Next Gen AI PC\t\t\t<\/a>\n\n\t\t\t\t<\/h3>\n\t\t\t\t\t<div class=\"uael-post__meta-data\">\n\t\t\t\t\t<span class=\"uael-post__date\">\n\t\t\t\t\t\t\t\t\t\t\t\t\t<svg aria-hidden=\"true\" class=\"e-font-icon-svg e-fa-calendar\" viewBox=\"0 0 448 512\" xmlns=\"http:\/\/www.w3.org\/2000\/svg\"><path d=\"M12 192h424c6.6 0 12 5.4 12 12v260c0 26.5-21.5 48-48 48H48c-26.5 0-48-21.5-48-48V204c0-6.6 5.4-12 12-12zm436-44v-36c0-26.5-21.5-48-48-48h-48V12c0-6.6-5.4-12-12-12h-40c-6.6 0-12 5.4-12 12v52H160V12c0-6.6-5.4-12-12-12h-40c-6.6 0-12 5.4-12 12v52H48C21.5 64 0 85.5 0 112v36c0 6.6 5.4 12 12 12h424c6.6 0 12-5.4 12-12z\"><\/path><\/svg>\t\t\t\t\t\t\t\t\t\n\t\t\t04\/03\/2026\t\t<\/span>\n\t\t\t\t<\/div>\n\t\t\n\t\t<div class=\"uael-post__excerpt\">\n\t\t\tHP Inc.'s latest computing device, the EliteBoard G1a Next Gen AI PC, is a fully functional computer integrated into a functional keyboard-form chassis. \t\t<\/div>\n\n\t\t\t\t\t<a class=\"uael-post__read-more elementor-button\" href=\"https:\/\/adaptive.lv\/en\/hp-eliteboard-g1a-next-gen-ai-pc\/\" target=\"_self\" aria-labelledby=\"uael-post-2091\">\n\t\t\t\t\t<span class=\"elementor-button-content-wrapper\">\n\t\t\t\t\t\t\t\t\t\t\t\t\t\t<span class=\"elementor-button-icon elementor-align-icon-left\">\n\n\t\t\t\t\t\t\t\t\t\n\t\t\t\t\t\t\t\t<\/span>\n\t\t\t\t\t\t\t\t\t\t\t\t\t\n\t\t\t\t\t\t<span class=\"elementor-button-text\" id=uael-post-2091>Read More<\/span>\n\t\t\t\t\t<\/span>\n\t\t\t\t<\/a>\n\t\t\t\t\t\t<\/div>\n\t\t\t\n\t\t<\/div>\n\t\t\n\t<\/div>\n\n<\/div>\n\n<div class=\"uael-post-wrapper   jaunumi news \">\n\t<div class=\"uael-post__bg-wrap uael-bg-wrap-disabled \">\n\n\t\t\t\t\n\t\t<div class=\"uael-post__inner-wrap uael-inner-wrap-disabled\">\n\n\t\t\t\t<div class=\"uael-post__thumbnail\">\n\t\t\t\n\t\t\t<a href=\"https:\/\/adaptive.lv\/en\/power-elite-partner\/\" target=\"_self\" title=\"Power Elite Partner\"><img decoding=\"async\" width=\"1380\" height=\"1087\" src=\"https:\/\/adaptive.lv\/wp-content\/uploads\/2026\/01\/New-Badges-HP-Amplify-H2fy25-Membership_Commercial-Power-Elite-e1770889582865.png\" class=\"attachment-full size-full wp-image-1863\" alt=\"\" srcset=\"https:\/\/adaptive.lv\/wp-content\/uploads\/2026\/01\/New-Badges-HP-Amplify-H2fy25-Membership_Commercial-Power-Elite-e1770889582865.png 1380w, https:\/\/adaptive.lv\/wp-content\/uploads\/2026\/01\/New-Badges-HP-Amplify-H2fy25-Membership_Commercial-Power-Elite-e1770889582865-300x236.png 300w, https:\/\/adaptive.lv\/wp-content\/uploads\/2026\/01\/New-Badges-HP-Amplify-H2fy25-Membership_Commercial-Power-Elite-e1770889582865-1024x807.png 1024w, https:\/\/adaptive.lv\/wp-content\/uploads\/2026\/01\/New-Badges-HP-Amplify-H2fy25-Membership_Commercial-Power-Elite-e1770889582865-768x605.png 768w\" sizes=\"(max-width: 1380px) 100vw, 1380px\" \/><\/a>\n\t\t\t\t\t<\/div>\n\t\t\n\t\t\t\n\t\t\t<div class=\"uael-post__content-wrap uael-content-wrap-disabled\">\n\t\t\t\t\t\t\t<div class=\"uael-post__terms-wrap\"><span class=\"uael-post__terms\"><span class=\"uael-listing__terms-link\">Jaunumi<\/span><\/span><\/div>\n\t\t\t\t\t\t<h3 class=\"uael-post__title\">\n\n\t\t\n\t\t\t\t\t\t<a href=\"https:\/\/adaptive.lv\/en\/power-elite-partner\/\" target=\"_self\">\n\t\t\t\tPower Elite Partner\t\t\t<\/a>\n\n\t\t\t\t<\/h3>\n\t\t\t\t\t<div class=\"uael-post__meta-data\">\n\t\t\t\t\t<span class=\"uael-post__date\">\n\t\t\t\t\t\t\t\t\t\t\t\t\t<svg aria-hidden=\"true\" class=\"e-font-icon-svg e-fa-calendar\" viewBox=\"0 0 448 512\" xmlns=\"http:\/\/www.w3.org\/2000\/svg\"><path d=\"M12 192h424c6.6 0 12 5.4 12 12v260c0 26.5-21.5 48-48 48H48c-26.5 0-48-21.5-48-48V204c0-6.6 5.4-12 12-12zm436-44v-36c0-26.5-21.5-48-48-48h-48V12c0-6.6-5.4-12-12-12h-40c-6.6 0-12 5.4-12 12v52H160V12c0-6.6-5.4-12-12-12h-40c-6.6 0-12 5.4-12 12v52H48C21.5 64 0 85.5 0 112v36c0 6.6 5.4 12 12 12h424c6.6 0 12-5.4 12-12z\"><\/path><\/svg>\t\t\t\t\t\t\t\t\t\n\t\t\t24\/02\/2026\t\t<\/span>\n\t\t\t\t<\/div>\n\t\t\n\t\t<div class=\"uael-post__excerpt\">\n\t\t\tSIA \u201cAdaptive\u201d is the first and only HP Inc. partner in the Baltic States and Finland to hold the highest partnership status \u2014 Power Elite ...\t\t<\/div>\n\n\t\t\t\t\t<a class=\"uael-post__read-more elementor-button\" href=\"https:\/\/adaptive.lv\/en\/power-elite-partner\/\" target=\"_self\" aria-labelledby=\"uael-post-1861\">\n\t\t\t\t\t<span class=\"elementor-button-content-wrapper\">\n\t\t\t\t\t\t\t\t\t\t\t\t\t\t<span class=\"elementor-button-icon elementor-align-icon-left\">\n\n\t\t\t\t\t\t\t\t\t\n\t\t\t\t\t\t\t\t<\/span>\n\t\t\t\t\t\t\t\t\t\t\t\t\t\n\t\t\t\t\t\t<span class=\"elementor-button-text\" id=uael-post-1861>Read More<\/span>\n\t\t\t\t\t<\/span>\n\t\t\t\t<\/a>\n\t\t\t\t\t\t<\/div>\n\t\t\t\n\t\t<\/div>\n\t\t\n\t<\/div>\n\n<\/div>\n\n<div class=\"uael-post-wrapper   news \">\n\t<div class=\"uael-post__bg-wrap uael-bg-wrap-disabled \">\n\n\t\t\t\t\n\t\t<div class=\"uael-post__inner-wrap uael-inner-wrap-disabled\">\n\n\t\t\t\t<div class=\"uael-post__thumbnail\">\n\t\t\t\n\t\t\t<a href=\"https:\/\/adaptive.lv\/en\/adaptive-ms\/\" target=\"_self\" title=\"Adaptive MS\"><img decoding=\"async\" width=\"2560\" height=\"2016\" src=\"https:\/\/adaptive.lv\/wp-content\/uploads\/2026\/02\/adaptive_ms@4x-scaled.png\" class=\"attachment-full size-full wp-image-1988\" alt=\"Adaptive M\" srcset=\"https:\/\/adaptive.lv\/wp-content\/uploads\/2026\/02\/adaptive_ms@4x-scaled.png 2560w, https:\/\/adaptive.lv\/wp-content\/uploads\/2026\/02\/adaptive_ms@4x-300x236.png 300w, https:\/\/adaptive.lv\/wp-content\/uploads\/2026\/02\/adaptive_ms@4x-1024x807.png 1024w, https:\/\/adaptive.lv\/wp-content\/uploads\/2026\/02\/adaptive_ms@4x-768x605.png 768w, https:\/\/adaptive.lv\/wp-content\/uploads\/2026\/02\/adaptive_ms@4x-1536x1210.png 1536w, https:\/\/adaptive.lv\/wp-content\/uploads\/2026\/02\/adaptive_ms@4x-2048x1613.png 2048w\" sizes=\"(max-width: 2560px) 100vw, 2560px\" \/><\/a>\n\t\t\t\t\t<\/div>\n\t\t\n\t\t\t\n\t\t\t<div class=\"uael-post__content-wrap uael-content-wrap-disabled\">\n\t\t\t\t\t\t\t<div class=\"uael-post__terms-wrap\"><span class=\"uael-post__terms\"><span class=\"uael-listing__terms-link\">News<\/span><\/span><\/div>\n\t\t\t\t\t\t<h3 class=\"uael-post__title\">\n\n\t\t\n\t\t\t\t\t\t<a href=\"https:\/\/adaptive.lv\/en\/adaptive-ms\/\" target=\"_self\">\n\t\t\t\tAdaptive MS\t\t\t<\/a>\n\n\t\t\t\t<\/h3>\n\t\t\t\t\t<div class=\"uael-post__meta-data\">\n\t\t\t\t\t<span class=\"uael-post__date\">\n\t\t\t\t\t\t\t\t\t\t\t\t\t<svg aria-hidden=\"true\" class=\"e-font-icon-svg e-fa-calendar\" viewBox=\"0 0 448 512\" xmlns=\"http:\/\/www.w3.org\/2000\/svg\"><path d=\"M12 192h424c6.6 0 12 5.4 12 12v260c0 26.5-21.5 48-48 48H48c-26.5 0-48-21.5-48-48V204c0-6.6 5.4-12 12-12zm436-44v-36c0-26.5-21.5-48-48-48h-48V12c0-6.6-5.4-12-12-12h-40c-6.6 0-12 5.4-12 12v52H160V12c0-6.6-5.4-12-12-12h-40c-6.6 0-12 5.4-12 12v52H48C21.5 64 0 85.5 0 112v36c0 6.6 5.4 12 12 12h424c6.6 0 12-5.4 12-12z\"><\/path><\/svg>\t\t\t\t\t\t\t\t\t\n\t\t\t17\/02\/2026\t\t<\/span>\n\t\t\t\t<\/div>\n\t\t\n\t\t<div class=\"uael-post__excerpt\">\n\t\t\tSIA \u201cAdaptive\u201d offers a diverse range of services, covering both IT infrastructure development and full lifecycle technical support.\t\t<\/div>\n\n\t\t\t\t\t<a class=\"uael-post__read-more elementor-button\" href=\"https:\/\/adaptive.lv\/en\/adaptive-ms\/\" target=\"_self\" aria-labelledby=\"uael-post-1853\">\n\t\t\t\t\t<span class=\"elementor-button-content-wrapper\">\n\t\t\t\t\t\t\t\t\t\t\t\t\t\t<span class=\"elementor-button-icon elementor-align-icon-left\">\n\n\t\t\t\t\t\t\t\t\t\n\t\t\t\t\t\t\t\t<\/span>\n\t\t\t\t\t\t\t\t\t\t\t\t\t\n\t\t\t\t\t\t<span class=\"elementor-button-text\" id=uael-post-1853>Read More<\/span>\n\t\t\t\t\t<\/span>\n\t\t\t\t<\/a>\n\t\t\t\t\t\t<\/div>\n\t\t\t\n\t\t<\/div>\n\t\t\n\t<\/div>\n\n<\/div>\n\n<div class=\"uael-post-wrapper   news \">\n\t<div class=\"uael-post__bg-wrap uael-bg-wrap-disabled \">\n\n\t\t\t\t\n\t\t<div class=\"uael-post__inner-wrap uael-inner-wrap-disabled\">\n\n\t\t\t\t<div class=\"uael-post__thumbnail\">\n\t\t\t\n\t\t\t<a href=\"https:\/\/adaptive.lv\/en\/hpe-new-generation-gen12\/\" target=\"_self\" title=\"HPE new generation &#8211; Gen12\"><img loading=\"lazy\" decoding=\"async\" width=\"800\" height=\"600\" src=\"https:\/\/adaptive.lv\/wp-content\/uploads\/2026\/01\/hpe_gen12.webp\" class=\"attachment-full size-full wp-image-1804\" alt=\"\" srcset=\"https:\/\/adaptive.lv\/wp-content\/uploads\/2026\/01\/hpe_gen12.webp 800w, https:\/\/adaptive.lv\/wp-content\/uploads\/2026\/01\/hpe_gen12-300x225.webp 300w, https:\/\/adaptive.lv\/wp-content\/uploads\/2026\/01\/hpe_gen12-768x576.webp 768w\" sizes=\"(max-width: 800px) 100vw, 800px\" \/><\/a>\n\t\t\t\t\t<\/div>\n\t\t\n\t\t\t\n\t\t\t<div class=\"uael-post__content-wrap uael-content-wrap-disabled\">\n\t\t\t\t\t\t\t<div class=\"uael-post__terms-wrap\"><span class=\"uael-post__terms\"><span class=\"uael-listing__terms-link\">News<\/span><\/span><\/div>\n\t\t\t\t\t\t<h3 class=\"uael-post__title\">\n\n\t\t\n\t\t\t\t\t\t<a href=\"https:\/\/adaptive.lv\/en\/hpe-new-generation-gen12\/\" target=\"_self\">\n\t\t\t\tHPE new generation &#8211; Gen12\t\t\t<\/a>\n\n\t\t\t\t<\/h3>\n\t\t\t\t\t<div class=\"uael-post__meta-data\">\n\t\t\t\t\t<span class=\"uael-post__date\">\n\t\t\t\t\t\t\t\t\t\t\t\t\t<svg aria-hidden=\"true\" class=\"e-font-icon-svg e-fa-calendar\" viewBox=\"0 0 448 512\" xmlns=\"http:\/\/www.w3.org\/2000\/svg\"><path d=\"M12 192h424c6.6 0 12 5.4 12 12v260c0 26.5-21.5 48-48 48H48c-26.5 0-48-21.5-48-48V204c0-6.6 5.4-12 12-12zm436-44v-36c0-26.5-21.5-48-48-48h-48V12c0-6.6-5.4-12-12-12h-40c-6.6 0-12 5.4-12 12v52H160V12c0-6.6-5.4-12-12-12h-40c-6.6 0-12 5.4-12 12v52H48C21.5 64 0 85.5 0 112v36c0 6.6 5.4 12 12 12h424c6.6 0 12-5.4 12-12z\"><\/path><\/svg>\t\t\t\t\t\t\t\t\t\n\t\t\t05\/05\/2025\t\t<\/span>\n\t\t\t\t<\/div>\n\t\t\n\t\t<div class=\"uael-post__excerpt\">\n\t\t\tHewlett Packard Enterprise (HPE) has announced the next generation of Gen12 ProLiant server hardware, adding eight new machines to the market this year\t\t<\/div>\n\n\t\t\t\t\t<a class=\"uael-post__read-more elementor-button\" href=\"https:\/\/adaptive.lv\/en\/hpe-new-generation-gen12\/\" target=\"_self\" aria-labelledby=\"uael-post-1855\">\n\t\t\t\t\t<span class=\"elementor-button-content-wrapper\">\n\t\t\t\t\t\t\t\t\t\t\t\t\t\t<span class=\"elementor-button-icon elementor-align-icon-left\">\n\n\t\t\t\t\t\t\t\t\t\n\t\t\t\t\t\t\t\t<\/span>\n\t\t\t\t\t\t\t\t\t\t\t\t\t\n\t\t\t\t\t\t<span class=\"elementor-button-text\" id=uael-post-1855>Read More<\/span>\n\t\t\t\t\t<\/span>\n\t\t\t\t<\/a>\n\t\t\t\t\t\t<\/div>\n\t\t\t\n\t\t<\/div>\n\t\t\n\t<\/div>\n\n<\/div>\n\t\t\t\t<\/div>\n\t\t\t\t\t\t\n\t\t<\/div>\n\n\t\t\t\t\t\t<\/div>\n\t\t<div class=\"uael-post__footer\">\n\t\t\t\t\t<\/div>\n\t\t\t\t\t\t<\/div>\n\t\t\t\t<\/div>\n\t\t\t\t\t<\/div>\n\t\t\t\t<\/div>\n\t\t\t\t<\/div>\n\t\t","protected":false},"excerpt":{"rendered":"<p>News Adaptive\u2019s news section brings you practical insights on industry developments and company updates. Discover the latest solutions, projects, technology [&hellip;]<\/p>\n","protected":false},"author":3,"featured_media":0,"parent":0,"menu_order":0,"comment_status":"closed","ping_status":"closed","template":"","meta":{"site-sidebar-layout":"no-sidebar","site-content-layout":"","ast-site-content-layout":"full-width-container","site-content-style":"default","site-sidebar-style":"default","ast-global-header-display":"","ast-banner-title-visibility":"","ast-main-header-display":"","ast-hfb-above-header-display":"","ast-hfb-below-header-display":"","ast-hfb-mobile-header-display":"","site-post-title":"disabled","ast-breadcrumbs-content":"","ast-featured-img":"disabled","footer-sml-layout":"","ast-disable-related-posts":"","theme-transparent-header-meta":"","adv-header-id-meta":"","stick-header-meta":"","header-above-stick-meta":"","header-main-stick-meta":"","header-below-stick-meta":"","astra-migrate-meta-layouts":"default","ast-page-background-enabled":"default","ast-page-background-meta":{"desktop":{"background-color":"var(--ast-global-color-4)","background-image":"","background-repeat":"repeat","background-position":"center center","background-size":"auto","background-attachment":"scroll","background-type":"","background-media":"","overlay-type":"","overlay-color":"","overlay-opacity":"","overlay-gradient":""},"tablet":{"background-color":"","background-image":"","background-repeat":"repeat","background-position":"center center","background-size":"auto","background-attachment":"scroll","background-type":"","background-media":"","overlay-type":"","overlay-color":"","overlay-opacity":"","overlay-gradient":""},"mobile":{"background-color":"","background-image":"","background-repeat":"repeat","background-position":"center center","background-size":"auto","background-attachment":"scroll","background-type":"","background-media":"","overlay-type":"","overlay-color":"","overlay-opacity":"","overlay-gradient":""}},"ast-content-background-meta":{"desktop":{"background-color":"var(--ast-global-color-5)","background-image":"","background-repeat":"repeat","background-position":"center center","background-size":"auto","background-attachment":"scroll","background-type":"","background-media":"","overlay-type":"","overlay-color":"","overlay-opacity":"","overlay-gradient":""},"tablet":{"background-color":"var(--ast-global-color-5)","background-image":"","background-repeat":"repeat","background-position":"center center","background-size":"auto","background-attachment":"scroll","background-type":"","background-media":"","overlay-type":"","overlay-color":"","overlay-opacity":"","overlay-gradient":""},"mobile":{"background-color":"var(--ast-global-color-5)","background-image":"","background-repeat":"repeat","background-position":"center center","background-size":"auto","background-attachment":"scroll","background-type":"","background-media":"","overlay-type":"","overlay-color":"","overlay-opacity":"","overlay-gradient":""}},"footnotes":""},"class_list":["post-1964","page","type-page","status-publish","hentry"],"yoast_head":"<!-- This site is optimized with the Yoast SEO plugin v27.2 - https:\/\/yoast.com\/product\/yoast-seo-wordpress\/ -->\n<title>News - Adaptive<\/title>\n<meta name=\"robots\" content=\"index, follow, max-snippet:-1, max-image-preview:large, max-video-preview:-1\" \/>\n<link rel=\"canonical\" href=\"https:\/\/adaptive.lv\/jaunumi\/\" \/>\n<meta property=\"og:locale\" content=\"en_US\" \/>\n<meta property=\"og:type\" content=\"article\" \/>\n<meta property=\"og:title\" content=\"News - Adaptive\" \/>\n<meta property=\"og:description\" content=\"News Adaptive\u2019s news section brings you practical insights on industry developments and company updates. Discover the latest solutions, projects, technology [&hellip;]\" \/>\n<meta property=\"og:url\" content=\"https:\/\/adaptive.lv\/jaunumi\/\" \/>\n<meta property=\"og:site_name\" content=\"Adaptive\" \/>\n<meta property=\"article:publisher\" content=\"https:\/\/www.facebook.com\/adaptiveLV\/\" \/>\n<meta property=\"article:modified_time\" content=\"2026-03-20T13:08:16+00:00\" \/>\n<meta name=\"twitter:card\" content=\"summary_large_image\" \/>\n<meta name=\"twitter:label1\" content=\"Est. reading time\" \/>\n\t<meta name=\"twitter:data1\" content=\"1 minute\" \/>\n<script type=\"application\/ld+json\" class=\"yoast-schema-graph\">{\"@context\":\"https:\/\/schema.org\",\"@graph\":[{\"@type\":\"WebPage\",\"@id\":\"https:\/\/adaptive.lv\/jaunumi\/\",\"url\":\"https:\/\/adaptive.lv\/jaunumi\/\",\"name\":\"News - Adaptive\",\"isPartOf\":{\"@id\":\"https:\/\/adaptive.lv\/#website\"},\"primaryImageOfPage\":{\"@id\":\"https:\/\/adaptive.lv\/jaunumi\/#primaryimage\"},\"image\":{\"@id\":\"https:\/\/adaptive.lv\/jaunumi\/#primaryimage\"},\"thumbnailUrl\":\"https:\/\/adaptive.lv\/wp-content\/uploads\/2026\/03\/carousel-04_hp-wolf-security-for-business-mob@2x-e1772462390983.avif\",\"datePublished\":\"2026-01-05T12:46:42+00:00\",\"dateModified\":\"2026-03-20T13:08:16+00:00\",\"breadcrumb\":{\"@id\":\"https:\/\/adaptive.lv\/jaunumi\/#breadcrumb\"},\"inLanguage\":\"en-US\",\"potentialAction\":[{\"@type\":\"ReadAction\",\"target\":[\"https:\/\/adaptive.lv\/jaunumi\/\"]}]},{\"@type\":\"ImageObject\",\"inLanguage\":\"en-US\",\"@id\":\"https:\/\/adaptive.lv\/jaunumi\/#primaryimage\",\"url\":\"https:\/\/adaptive.lv\/wp-content\/uploads\/2026\/03\/carousel-04_hp-wolf-security-for-business-mob@2x-e1772462390983.avif\",\"contentUrl\":\"https:\/\/adaptive.lv\/wp-content\/uploads\/2026\/03\/carousel-04_hp-wolf-security-for-business-mob@2x-e1772462390983.avif\"},{\"@type\":\"BreadcrumbList\",\"@id\":\"https:\/\/adaptive.lv\/jaunumi\/#breadcrumb\",\"itemListElement\":[{\"@type\":\"ListItem\",\"position\":1,\"name\":\"Home\",\"item\":\"https:\/\/adaptive.lv\/\"},{\"@type\":\"ListItem\",\"position\":2,\"name\":\"News\"}]},{\"@type\":\"WebSite\",\"@id\":\"https:\/\/adaptive.lv\/#website\",\"url\":\"https:\/\/adaptive.lv\/\",\"name\":\"Adaptive\",\"description\":\"Partneru nov\u0113rt\u0113ti IT infrastrukt\u016bras eksperti\",\"publisher\":{\"@id\":\"https:\/\/adaptive.lv\/#organization\"},\"potentialAction\":[{\"@type\":\"SearchAction\",\"target\":{\"@type\":\"EntryPoint\",\"urlTemplate\":\"https:\/\/adaptive.lv\/?s={search_term_string}\"},\"query-input\":{\"@type\":\"PropertyValueSpecification\",\"valueRequired\":true,\"valueName\":\"search_term_string\"}}],\"inLanguage\":\"en-US\"},{\"@type\":\"Organization\",\"@id\":\"https:\/\/adaptive.lv\/#organization\",\"name\":\"Adaptive\",\"url\":\"https:\/\/adaptive.lv\/\",\"logo\":{\"@type\":\"ImageObject\",\"inLanguage\":\"en-US\",\"@id\":\"https:\/\/adaptive.lv\/#\/schema\/logo\/image\/\",\"url\":\"https:\/\/adaptive.lv\/wp-content\/uploads\/2024\/07\/Adaptive-logo.png\",\"contentUrl\":\"https:\/\/adaptive.lv\/wp-content\/uploads\/2024\/07\/Adaptive-logo.png\",\"width\":250,\"height\":61,\"caption\":\"Adaptive\"},\"image\":{\"@id\":\"https:\/\/adaptive.lv\/#\/schema\/logo\/image\/\"},\"sameAs\":[\"https:\/\/www.facebook.com\/adaptiveLV\/\",\"https:\/\/www.linkedin.com\/company\/adaptive-sia\/\"]}]}<\/script>\n<!-- \/ Yoast SEO plugin. -->","yoast_head_json":{"title":"News - Adaptive","robots":{"index":"index","follow":"follow","max-snippet":"max-snippet:-1","max-image-preview":"max-image-preview:large","max-video-preview":"max-video-preview:-1"},"canonical":"https:\/\/adaptive.lv\/jaunumi\/","og_locale":"en_US","og_type":"article","og_title":"News - Adaptive","og_description":"News Adaptive\u2019s news section brings you practical insights on industry developments and company updates. Discover the latest solutions, projects, technology [&hellip;]","og_url":"https:\/\/adaptive.lv\/jaunumi\/","og_site_name":"Adaptive","article_publisher":"https:\/\/www.facebook.com\/adaptiveLV\/","article_modified_time":"2026-03-20T13:08:16+00:00","twitter_card":"summary_large_image","twitter_misc":{"Est. reading time":"1 minute"},"schema":{"@context":"https:\/\/schema.org","@graph":[{"@type":"WebPage","@id":"https:\/\/adaptive.lv\/jaunumi\/","url":"https:\/\/adaptive.lv\/jaunumi\/","name":"News - Adaptive","isPartOf":{"@id":"https:\/\/adaptive.lv\/#website"},"primaryImageOfPage":{"@id":"https:\/\/adaptive.lv\/jaunumi\/#primaryimage"},"image":{"@id":"https:\/\/adaptive.lv\/jaunumi\/#primaryimage"},"thumbnailUrl":"https:\/\/adaptive.lv\/wp-content\/uploads\/2026\/03\/carousel-04_hp-wolf-security-for-business-mob@2x-e1772462390983.avif","datePublished":"2026-01-05T12:46:42+00:00","dateModified":"2026-03-20T13:08:16+00:00","breadcrumb":{"@id":"https:\/\/adaptive.lv\/jaunumi\/#breadcrumb"},"inLanguage":"en-US","potentialAction":[{"@type":"ReadAction","target":["https:\/\/adaptive.lv\/jaunumi\/"]}]},{"@type":"ImageObject","inLanguage":"en-US","@id":"https:\/\/adaptive.lv\/jaunumi\/#primaryimage","url":"https:\/\/adaptive.lv\/wp-content\/uploads\/2026\/03\/carousel-04_hp-wolf-security-for-business-mob@2x-e1772462390983.avif","contentUrl":"https:\/\/adaptive.lv\/wp-content\/uploads\/2026\/03\/carousel-04_hp-wolf-security-for-business-mob@2x-e1772462390983.avif"},{"@type":"BreadcrumbList","@id":"https:\/\/adaptive.lv\/jaunumi\/#breadcrumb","itemListElement":[{"@type":"ListItem","position":1,"name":"Home","item":"https:\/\/adaptive.lv\/"},{"@type":"ListItem","position":2,"name":"News"}]},{"@type":"WebSite","@id":"https:\/\/adaptive.lv\/#website","url":"https:\/\/adaptive.lv\/","name":"Adaptive","description":"Partneru nov\u0113rt\u0113ti IT infrastrukt\u016bras eksperti","publisher":{"@id":"https:\/\/adaptive.lv\/#organization"},"potentialAction":[{"@type":"SearchAction","target":{"@type":"EntryPoint","urlTemplate":"https:\/\/adaptive.lv\/?s={search_term_string}"},"query-input":{"@type":"PropertyValueSpecification","valueRequired":true,"valueName":"search_term_string"}}],"inLanguage":"en-US"},{"@type":"Organization","@id":"https:\/\/adaptive.lv\/#organization","name":"Adaptive","url":"https:\/\/adaptive.lv\/","logo":{"@type":"ImageObject","inLanguage":"en-US","@id":"https:\/\/adaptive.lv\/#\/schema\/logo\/image\/","url":"https:\/\/adaptive.lv\/wp-content\/uploads\/2024\/07\/Adaptive-logo.png","contentUrl":"https:\/\/adaptive.lv\/wp-content\/uploads\/2024\/07\/Adaptive-logo.png","width":250,"height":61,"caption":"Adaptive"},"image":{"@id":"https:\/\/adaptive.lv\/#\/schema\/logo\/image\/"},"sameAs":["https:\/\/www.facebook.com\/adaptiveLV\/","https:\/\/www.linkedin.com\/company\/adaptive-sia\/"]}]}},"_links":{"self":[{"href":"https:\/\/adaptive.lv\/en\/wp-json\/wp\/v2\/pages\/1964","targetHints":{"allow":["GET"]}}],"collection":[{"href":"https:\/\/adaptive.lv\/en\/wp-json\/wp\/v2\/pages"}],"about":[{"href":"https:\/\/adaptive.lv\/en\/wp-json\/wp\/v2\/types\/page"}],"author":[{"embeddable":true,"href":"https:\/\/adaptive.lv\/en\/wp-json\/wp\/v2\/users\/3"}],"replies":[{"embeddable":true,"href":"https:\/\/adaptive.lv\/en\/wp-json\/wp\/v2\/comments?post=1964"}],"version-history":[{"count":9,"href":"https:\/\/adaptive.lv\/en\/wp-json\/wp\/v2\/pages\/1964\/revisions"}],"predecessor-version":[{"id":2146,"href":"https:\/\/adaptive.lv\/en\/wp-json\/wp\/v2\/pages\/1964\/revisions\/2146"}],"wp:attachment":[{"href":"https:\/\/adaptive.lv\/en\/wp-json\/wp\/v2\/media?parent=1964"}],"curies":[{"name":"wp","href":"https:\/\/api.w.org\/{rel}","templated":true}]}}