{"id":1531,"date":"2025-02-11T09:09:08","date_gmt":"2025-02-11T09:09:08","guid":{"rendered":"https:\/\/adaptive.lv\/?page_id=1531"},"modified":"2025-02-11T09:17:04","modified_gmt":"2025-02-11T09:17:04","slug":"hpe","status":"publish","type":"page","link":"https:\/\/adaptive.lv\/en\/hpe\/","title":{"rendered":"HPE"},"content":{"rendered":"\t\t<div data-elementor-type=\"wp-page\" data-elementor-id=\"1531\" class=\"elementor elementor-1531\">\n\t\t\t\t<div class=\"elementor-element elementor-element-522eeff e-grid e-con-boxed e-con e-parent\" data-id=\"522eeff\" data-element_type=\"container\" data-e-type=\"container\">\n\t\t\t\t\t<div class=\"e-con-inner\">\n\t\t<div class=\"elementor-element elementor-element-3656d55 e-con-full e-flex e-con e-child\" data-id=\"3656d55\" data-element_type=\"container\" data-e-type=\"container\">\n\t\t<div class=\"elementor-element elementor-element-e3cc7ca e-con-full e-flex e-con e-child\" data-id=\"e3cc7ca\" data-element_type=\"container\" data-e-type=\"container\">\n\t\t\t\t<div class=\"elementor-element elementor-element-4aec373 lineByLineReveal animated-fast elementor-invisible elementor-widget elementor-widget-heading\" data-id=\"4aec373\" data-element_type=\"widget\" data-e-type=\"widget\" data-settings=\"{&quot;_animation&quot;:&quot;fadeIn&quot;}\" data-widget_type=\"heading.default\">\n\t\t\t\t<div class=\"elementor-widget-container\">\n\t\t\t\t\t<h1 class=\"elementor-heading-title elementor-size-default\">Authorized Service Partner<\/h1>\t\t\t\t<\/div>\n\t\t\t\t<\/div>\n\t\t\t\t<\/div>\n\t\t<div class=\"elementor-element elementor-element-04dd215 e-con-full e-flex e-con e-child\" data-id=\"04dd215\" data-element_type=\"container\" data-e-type=\"container\">\n\t\t\t\t<div class=\"elementor-element elementor-element-4df5400 animated-slow elementor-invisible elementor-widget elementor-widget-heading\" data-id=\"4df5400\" data-element_type=\"widget\" data-e-type=\"widget\" data-settings=\"{&quot;_animation&quot;:&quot;fadeInRight&quot;,&quot;_animation_delay&quot;:600}\" data-widget_type=\"heading.default\">\n\t\t\t\t<div class=\"elementor-widget-container\">\n\t\t\t\t\t<span class=\"elementor-heading-title elementor-size-default\">Since the summer of 2017, Adaptive has been an official service partner for HPE and HP Inc. We offer service, warranty, and post-warranty repair for a range of HPE and HP Commercial hardware, as well as Aruba network products. Our services are delivered by experienced and certified specialists, whose expertise has been validated by Hewlett Packard.  <\/span>\t\t\t\t<\/div>\n\t\t\t\t<\/div>\n\t\t\t\t<\/div>\n\t\t\t\t<\/div>\n\t\t\t\t\t<\/div>\n\t\t\t\t<\/div>\n\t\t<div class=\"elementor-element elementor-element-596e942 e-grid e-con-boxed e-con e-parent\" data-id=\"596e942\" data-element_type=\"container\" data-e-type=\"container\">\n\t\t\t\t\t<div class=\"e-con-inner\">\n\t\t<div class=\"elementor-element elementor-element-f30cabc e-con-full e-flex e-con e-child\" data-id=\"f30cabc\" data-element_type=\"container\" data-e-type=\"container\" data-settings=\"{&quot;background_background&quot;:&quot;classic&quot;}\">\n\t\t<div class=\"elementor-element elementor-element-ef295bc e-con-full e-flex e-con e-child\" data-id=\"ef295bc\" data-element_type=\"container\" data-e-type=\"container\" data-settings=\"{&quot;background_background&quot;:&quot;classic&quot;}\">\n\t\t\t\t<div class=\"elementor-element elementor-element-70b558d e-n-tabs-mobile elementor-widget elementor-widget-n-tabs\" data-id=\"70b558d\" data-element_type=\"widget\" data-e-type=\"widget\" data-settings=\"{&quot;tabs_justify_horizontal&quot;:&quot;stretch&quot;,&quot;horizontal_scroll&quot;:&quot;disable&quot;}\" data-widget_type=\"nested-tabs.default\">\n\t\t\t\t<div class=\"elementor-widget-container\">\n\t\t\t\t\t\t\t<div class=\"e-n-tabs\" data-widget-number=\"118183309\" aria-label=\"Tabs. Open items with Enter or Space, close with Escape and navigate using the Arrow keys.\">\n\t\t\t<div class=\"e-n-tabs-heading\" role=\"tablist\">\n\t\t\t\t\t<button id=\"e-n-tab-title-1181833091\" data-tab-title-id=\"e-n-tab-title-1181833091\" class=\"e-n-tab-title\" aria-selected=\"true\" data-tab-index=\"1\" role=\"tab\" tabindex=\"0\" aria-controls=\"e-n-tab-content-1181833091\" style=\"--n-tabs-title-order: 1;\">\n\t\t\t\t\t\t<span class=\"e-n-tab-title-text\">\n\t\t\t\tH P E\t\t\t<\/span>\n\t\t<\/button>\n\t\t\t\t\t<\/div>\n\t\t\t<div class=\"e-n-tabs-content\">\n\t\t\t\t<div id=\"e-n-tab-content-1181833091\" role=\"tabpanel\" aria-labelledby=\"e-n-tab-title-1181833091\" data-tab-index=\"1\" style=\"--n-tabs-title-order: 1;\" class=\"e-active elementor-element elementor-element-168b0b1 e-con-full e-flex e-con e-child\" data-id=\"168b0b1\" data-element_type=\"container\" data-e-type=\"container\" data-settings=\"{&quot;background_background&quot;:&quot;classic&quot;}\">\n\t\t<div class=\"elementor-element elementor-element-1fe514f e-flex e-con-boxed e-con e-child\" data-id=\"1fe514f\" data-element_type=\"container\" data-e-type=\"container\" data-settings=\"{&quot;background_background&quot;:&quot;classic&quot;}\">\n\t\t\t\t\t<div class=\"e-con-inner\">\n\t\t<div class=\"elementor-element elementor-element-3c211e6 e-con-full e-flex e-con e-child\" data-id=\"3c211e6\" data-element_type=\"container\" data-e-type=\"container\">\n\t\t<div class=\"elementor-element elementor-element-763414a e-con-full e-flex elementor-invisible e-con e-child\" data-id=\"763414a\" data-element_type=\"container\" data-e-type=\"container\" data-settings=\"{&quot;background_background&quot;:&quot;classic&quot;,&quot;animation&quot;:&quot;fadeInUp&quot;,&quot;animation_delay&quot;:200}\">\n\t\t\t\t<div class=\"elementor-element elementor-element-5519d23 elementor-widget elementor-widget-heading\" data-id=\"5519d23\" data-element_type=\"widget\" data-e-type=\"widget\" data-widget_type=\"heading.default\">\n\t\t\t\t<div class=\"elementor-widget-container\">\n\t\t\t\t\t<h5 class=\"elementor-heading-title elementor-size-default\">Request Hardware Repair Service<\/h5>\t\t\t\t<\/div>\n\t\t\t\t<\/div>\n\t\t\t\t<div class=\"elementor-element elementor-element-5abd1af elementor-widget elementor-widget-formidable\" data-id=\"5abd1af\" data-element_type=\"widget\" data-e-type=\"widget\" data-widget_type=\"formidable.default\">\n\t\t\t\t<div class=\"elementor-widget-container\">\n\t\t\t\t\t<div class=\"frm_forms  with_frm_style frm_style_formidable-style\" id=\"frm_form_1_container\" data-token=\"bc8870e0a45a7036fff10e2b052b691a\">\n<form enctype=\"multipart\/form-data\" method=\"post\" class=\"frm-show-form  frm_pro_form \" id=\"form_pieteikt-servisa-pakalpojmu\" data-token=\"bc8870e0a45a7036fff10e2b052b691a\">\n<div class=\"frm_form_fields \">\n<fieldset>\n<legend class=\"frm_screen_reader\">Request hardware repair service<\/legend>\r\n\r\n<div class=\"frm_fields_container\">\n<input type=\"hidden\" name=\"frm_action\" value=\"create\" \/>\n<input type=\"hidden\" name=\"form_id\" value=\"1\" \/>\n<input type=\"hidden\" name=\"frm_hide_fields_1\" id=\"frm_hide_fields_1\" value=\"\" \/>\n<input type=\"hidden\" name=\"form_key\" value=\"pieteikt-servisa-pakalpojmu\" \/>\n<input type=\"hidden\" name=\"item_meta[0]\" value=\"\" \/>\n<input type=\"hidden\" id=\"frm_submit_entry_1\" name=\"frm_submit_entry_1\" value=\"bdba73112d\" \/><input type=\"hidden\" name=\"_wp_http_referer\" value=\"\/en\/wp-json\/wp\/v2\/pages\/1531\" \/><div id=\"frm_field_1_container\" class=\"frm_form_field form-field  frm_required_field frm_inside_container\">\r\n\t<label for=\"field_yxkyy\" id=\"field_yxkyy_label\" class=\"frm_primary_label\">Title\r\n\t\t<span class=\"frm_required\" aria-hidden=\"true\">*<\/span>\r\n\t<\/label>\r\n\t<input  type=\"text\" id=\"field_yxkyy\" name=\"item_meta[1]\" value=\"\"  data-reqmsg=\"Title is a required field\" aria-required=\"true\" data-invmsg=\"Title is invalid\" aria-invalid=\"false\"   \/>\r\n\t\r\n\t\r\n<\/div>\n<div id=\"frm_field_2_container\" class=\"frm_form_field form-field  frm_required_field frm_inside_container\">\r\n\t<label for=\"field_tmjdv\" id=\"field_tmjdv_label\" class=\"frm_primary_label\">Email\r\n\t\t<span class=\"frm_required\" aria-hidden=\"true\">*<\/span>\r\n\t<\/label>\r\n\t<input type=\"email\" id=\"field_tmjdv\" name=\"item_meta[2]\" value=\"\"  data-reqmsg=\"Email is a required field\" aria-required=\"true\" data-invmsg=\"Email is incorrect\" aria-invalid=\"false\"  \/>\r\n\t\r\n\t\r\n<\/div>\n<div id=\"frm_field_3_container\" class=\"frm_form_field form-field  frm_required_field frm_inside_container\">\r\n\t<label for=\"field_fnxul\" id=\"field_fnxul_label\" class=\"frm_primary_label\">Phone\r\n\t\t<span class=\"frm_required\" aria-hidden=\"true\">*<\/span>\r\n\t<\/label>\r\n\t<input type=\"tel\" id=\"field_fnxul\" name=\"item_meta[3]\" value=\"\"  data-frmmask=\"00000000\" data-reqmsg=\"Phone is a required field\" aria-required=\"true\" data-invmsg=\"Phone is incorrect\" aria-invalid=\"false\" pattern=\"\\d\\d\\d\\d\\d\\d\\d\\d$\"  \/>\r\n\t\r\n\t\r\n<\/div>\n<div id=\"frm_field_4_container\" class=\"frm_form_field form-field  frm_required_field frm_inside_container\">\r\n\t<label for=\"field_2doaw\" id=\"field_2doaw_label\" class=\"frm_primary_label\">Serial no.\r\n\t\t<span class=\"frm_required\" aria-hidden=\"true\">*<\/span>\r\n\t<\/label>\r\n\t<input  type=\"text\" id=\"field_2doaw\" name=\"item_meta[4]\" value=\"\"  data-reqmsg=\"Serial no. is a required field\" aria-required=\"true\" data-invmsg=\"Serial no. is invalid\" aria-invalid=\"false\"   \/>\r\n\t\r\n\t\r\n<\/div>\n<div id=\"frm_field_5_container\" class=\"frm_form_field form-field  frm_inside_container\">\r\n\t<label for=\"field_8l14s\" id=\"field_8l14s_label\" class=\"frm_primary_label\">Describe the problem\r\n\t\t<span class=\"frm_required\" aria-hidden=\"true\"><\/span>\r\n\t<\/label>\r\n\t<textarea name=\"item_meta[5]\" id=\"field_8l14s\" rows=\"5\"  data-invmsg=\"Describe the problem is invalid\" aria-invalid=\"false\"  ><\/textarea>\r\n\t\r\n\t\r\n<\/div>\n<div id=\"frm_field_6_container\" class=\"frm_form_field form-field \">\r\n\t<div class=\"frm_submit frm_flex\">\r\n<button class=\"frm_button_submit frm_final_submit\" type=\"submit\"   formnovalidate=\"formnovalidate\">SUBMIT<\/button>\r\n\r\n\r\n\r\n<\/div>\r\n<\/div>\n\t<input type=\"hidden\" name=\"item_key\" value=\"\" \/>\n\t\t\t<div id=\"frm_field_30_container\">\n\t\t\t<label for=\"field_xdsn2\" >\n\t\t\t\tIf you are human, leave this field blank.\t\t\t<\/label>\n\t\t\t<input  id=\"field_xdsn2\" type=\"text\" class=\"frm_form_field form-field frm_verify\" name=\"item_meta[30]\" value=\"\"  \/>\n\t\t<\/div>\n\t\t<input name=\"frm_state\" type=\"hidden\" value=\"N7QLa8dwNzj\/d\/sPAo0GUQmSBgXcMCq3zxlj86TNTXzqIXMyLADtbfdpqbsmEjXA\" \/><\/div>\n<\/fieldset>\n<\/div>\n\n<\/form>\n<\/div>\n\t\t\t\t<\/div>\n\t\t\t\t<\/div>\n\t\t\t\t<\/div>\n\t\t\t\t<\/div>\n\t\t<div class=\"elementor-element elementor-element-1cfe9e2 e-con-full e-flex e-con e-child\" data-id=\"1cfe9e2\" data-element_type=\"container\" data-e-type=\"container\" data-settings=\"{&quot;background_background&quot;:&quot;classic&quot;}\">\n\t\t<div class=\"elementor-element elementor-element-57a0542 e-flex e-con-boxed e-con e-child\" data-id=\"57a0542\" data-element_type=\"container\" data-e-type=\"container\">\n\t\t\t\t\t<div class=\"e-con-inner\">\n\t\t<div class=\"elementor-element elementor-element-54f8683 e-flex e-con-boxed e-con e-child\" data-id=\"54f8683\" data-element_type=\"container\" data-e-type=\"container\">\n\t\t\t\t\t<div class=\"e-con-inner\">\n\t\t<div class=\"elementor-element elementor-element-cf326d9 e-flex e-con-boxed e-con e-child\" data-id=\"cf326d9\" data-element_type=\"container\" data-e-type=\"container\">\n\t\t\t\t\t<div class=\"e-con-inner\">\n\t\t\t\t<div class=\"elementor-element elementor-element-8a318e2 elementor-widget elementor-widget-image\" data-id=\"8a318e2\" data-element_type=\"widget\" data-e-type=\"widget\" data-widget_type=\"image.default\">\n\t\t\t\t<div class=\"elementor-widget-container\">\n\t\t\t\t\t\t\t\t\t\t\t\t\t\t\t<img fetchpriority=\"high\" decoding=\"async\" width=\"713\" height=\"479\" src=\"https:\/\/adaptive.lv\/wp-content\/uploads\/2025\/02\/HPE@4x.png\" class=\"attachment-large size-large wp-image-1534\" alt=\"\" srcset=\"https:\/\/adaptive.lv\/wp-content\/uploads\/2025\/02\/HPE@4x.png 713w, https:\/\/adaptive.lv\/wp-content\/uploads\/2025\/02\/HPE@4x-300x202.png 300w\" sizes=\"(max-width: 713px) 100vw, 713px\" \/>\t\t\t\t\t\t\t\t\t\t\t\t\t\t\t<\/div>\n\t\t\t\t<\/div>\n\t\t\t\t<div class=\"elementor-element elementor-element-151f20a elementor-widget elementor-widget-heading\" data-id=\"151f20a\" data-element_type=\"widget\" data-e-type=\"widget\" data-widget_type=\"heading.default\">\n\t\t\t\t<div class=\"elementor-widget-container\">\n\t\t\t\t\t<h4 class=\"elementor-heading-title elementor-size-default\">As part of servicing HPE and Aruba Networks hardware, we offer:<\/h4>\t\t\t\t<\/div>\n\t\t\t\t<\/div>\n\t\t\t\t<div class=\"elementor-element elementor-element-d788669 elementor-widget elementor-widget-text-editor\" data-id=\"d788669\" data-element_type=\"widget\" data-e-type=\"widget\" data-widget_type=\"text-editor.default\">\n\t\t\t\t<div class=\"elementor-widget-container\">\n\t\t\t\t\t\t\t\t\t<ul><li>Warranty service<\/li><li>Post-warranty service<\/li><li>On-site servicing of hardware<\/li><li>Immediate availability of HPE spare parts<\/li><li>FW and software update of hardware<\/li><li>Delivery and installation of hardware<\/li><li>Remote monitoring of HPE hardware using HPE IRS (Insight Remote Support), HPE Insight Online<\/li><\/ul><ol><li style=\"list-style-type: none;\">\u00a0<\/li><\/ol><p>Adaptive is a trusted HPE partner that manages, integrates and supports HPE solutions.<\/p>\t\t\t\t\t\t\t\t<\/div>\n\t\t\t\t<\/div>\n\t\t\t\t\t<\/div>\n\t\t\t\t<\/div>\n\t\t\t\t\t<\/div>\n\t\t\t\t<\/div>\n\t\t\t\t\t<\/div>\n\t\t\t\t<\/div>\n\t\t\t\t<\/div>\n\t\t\t\t\t<\/div>\n\t\t\t\t<\/div>\n\t\t\t\t<\/div>\n\t\t\t\t\t<\/div>\n\t\t<\/div>\n\t\t\t\t\t\t<\/div>\n\t\t\t\t<\/div>\n\t\t\t\t<\/div>\n\t\t\t\t<\/div>\n\t\t\t\t\t<\/div>\n\t\t\t\t<\/div>\n\t\t\t\t<\/div>\n\t\t","protected":false},"excerpt":{"rendered":"<p>Authorized Service Partner Since the summer of 2017, Adaptive has been an official service partner for HPE and HP Inc. [&hellip;]<\/p>\n","protected":false},"author":3,"featured_media":0,"parent":0,"menu_order":0,"comment_status":"closed","ping_status":"closed","template":"","meta":{"site-sidebar-layout":"no-sidebar","site-content-layout":"","ast-site-content-layout":"full-width-container","site-content-style":"default","site-sidebar-style":"default","ast-global-header-display":"","ast-banner-title-visibility":"","ast-main-header-display":"","ast-hfb-above-header-display":"","ast-hfb-below-header-display":"","ast-hfb-mobile-header-display":"","site-post-title":"disabled","ast-breadcrumbs-content":"","ast-featured-img":"disabled","footer-sml-layout":"","ast-disable-related-posts":"","theme-transparent-header-meta":"","adv-header-id-meta":"","stick-header-meta":"","header-above-stick-meta":"","header-main-stick-meta":"","header-below-stick-meta":"","astra-migrate-meta-layouts":"default","ast-page-background-enabled":"default","ast-page-background-meta":{"desktop":{"background-color":"var(--ast-global-color-4)","background-image":"","background-repeat":"repeat","background-position":"center center","background-size":"auto","background-attachment":"scroll","background-type":"","background-media":"","overlay-type":"","overlay-color":"","overlay-opacity":"","overlay-gradient":""},"tablet":{"background-color":"","background-image":"","background-repeat":"repeat","background-position":"center center","background-size":"auto","background-attachment":"scroll","background-type":"","background-media":"","overlay-type":"","overlay-color":"","overlay-opacity":"","overlay-gradient":""},"mobile":{"background-color":"","background-image":"","background-repeat":"repeat","background-position":"center center","background-size":"auto","background-attachment":"scroll","background-type":"","background-media":"","overlay-type":"","overlay-color":"","overlay-opacity":"","overlay-gradient":""}},"ast-content-background-meta":{"desktop":{"background-color":"var(--ast-global-color-5)","background-image":"","background-repeat":"repeat","background-position":"center center","background-size":"auto","background-attachment":"scroll","background-type":"","background-media":"","overlay-type":"","overlay-color":"","overlay-opacity":"","overlay-gradient":""},"tablet":{"background-color":"var(--ast-global-color-5)","background-image":"","background-repeat":"repeat","background-position":"center center","background-size":"auto","background-attachment":"scroll","background-type":"","background-media":"","overlay-type":"","overlay-color":"","overlay-opacity":"","overlay-gradient":""},"mobile":{"background-color":"var(--ast-global-color-5)","background-image":"","background-repeat":"repeat","background-position":"center center","background-size":"auto","background-attachment":"scroll","background-type":"","background-media":"","overlay-type":"","overlay-color":"","overlay-opacity":"","overlay-gradient":""}},"footnotes":""},"class_list":["post-1531","page","type-page","status-publish","hentry"],"yoast_head":"<!-- This site is optimized with the Yoast SEO plugin v27.2 - https:\/\/yoast.com\/product\/yoast-seo-wordpress\/ -->\n<title>HPE - Adaptive<\/title>\n<meta name=\"description\" content=\"Our services are delivered by experienced and certified specialists, whose expertise has been validated by HPE.\" \/>\n<meta name=\"robots\" content=\"index, follow, max-snippet:-1, max-image-preview:large, max-video-preview:-1\" \/>\n<link rel=\"canonical\" href=\"https:\/\/adaptive.lv\/en\/hpe\/\" \/>\n<meta property=\"og:locale\" content=\"en_US\" \/>\n<meta property=\"og:type\" content=\"article\" \/>\n<meta property=\"og:title\" content=\"HPE - Adaptive\" \/>\n<meta property=\"og:description\" content=\"Our services are delivered by experienced and certified specialists, whose expertise has been validated by HPE.\" \/>\n<meta property=\"og:url\" content=\"https:\/\/adaptive.lv\/en\/hpe\/\" \/>\n<meta property=\"og:site_name\" content=\"Adaptive\" \/>\n<meta property=\"article:publisher\" content=\"https:\/\/www.facebook.com\/adaptiveLV\/\" \/>\n<meta property=\"article:modified_time\" content=\"2025-02-11T09:17:04+00:00\" \/>\n<meta property=\"og:image\" content=\"https:\/\/adaptive.lv\/wp-content\/uploads\/2025\/02\/HPE@4x.png\" \/>\n<meta name=\"twitter:card\" content=\"summary_large_image\" \/>\n<meta name=\"twitter:label1\" content=\"Est. reading time\" \/>\n\t<meta name=\"twitter:data1\" content=\"2 minutes\" \/>\n<script type=\"application\/ld+json\" class=\"yoast-schema-graph\">{\"@context\":\"https:\/\/schema.org\",\"@graph\":[{\"@type\":\"WebPage\",\"@id\":\"https:\/\/adaptive.lv\/en\/hpe\/\",\"url\":\"https:\/\/adaptive.lv\/en\/hpe\/\",\"name\":\"HPE - Adaptive\",\"isPartOf\":{\"@id\":\"https:\/\/adaptive.lv\/#website\"},\"primaryImageOfPage\":{\"@id\":\"https:\/\/adaptive.lv\/en\/hpe\/#primaryimage\"},\"image\":{\"@id\":\"https:\/\/adaptive.lv\/en\/hpe\/#primaryimage\"},\"thumbnailUrl\":\"https:\/\/adaptive.lv\/wp-content\/uploads\/2025\/02\/HPE@4x.png\",\"datePublished\":\"2025-02-11T09:09:08+00:00\",\"dateModified\":\"2025-02-11T09:17:04+00:00\",\"description\":\"Our services are delivered by experienced and certified specialists, whose expertise has been validated by HPE.\",\"breadcrumb\":{\"@id\":\"https:\/\/adaptive.lv\/en\/hpe\/#breadcrumb\"},\"inLanguage\":\"en-US\",\"potentialAction\":[{\"@type\":\"ReadAction\",\"target\":[\"https:\/\/adaptive.lv\/en\/hpe\/\"]}]},{\"@type\":\"ImageObject\",\"inLanguage\":\"en-US\",\"@id\":\"https:\/\/adaptive.lv\/en\/hpe\/#primaryimage\",\"url\":\"https:\/\/adaptive.lv\/wp-content\/uploads\/2025\/02\/HPE@4x.png\",\"contentUrl\":\"https:\/\/adaptive.lv\/wp-content\/uploads\/2025\/02\/HPE@4x.png\"},{\"@type\":\"BreadcrumbList\",\"@id\":\"https:\/\/adaptive.lv\/en\/hpe\/#breadcrumb\",\"itemListElement\":[{\"@type\":\"ListItem\",\"position\":1,\"name\":\"Home\",\"item\":\"https:\/\/adaptive.lv\/\"},{\"@type\":\"ListItem\",\"position\":2,\"name\":\"HPE\"}]},{\"@type\":\"WebSite\",\"@id\":\"https:\/\/adaptive.lv\/#website\",\"url\":\"https:\/\/adaptive.lv\/\",\"name\":\"Adaptive\",\"description\":\"Partneru nov\u0113rt\u0113ti IT infrastrukt\u016bras eksperti\",\"publisher\":{\"@id\":\"https:\/\/adaptive.lv\/#organization\"},\"potentialAction\":[{\"@type\":\"SearchAction\",\"target\":{\"@type\":\"EntryPoint\",\"urlTemplate\":\"https:\/\/adaptive.lv\/?s={search_term_string}\"},\"query-input\":{\"@type\":\"PropertyValueSpecification\",\"valueRequired\":true,\"valueName\":\"search_term_string\"}}],\"inLanguage\":\"en-US\"},{\"@type\":\"Organization\",\"@id\":\"https:\/\/adaptive.lv\/#organization\",\"name\":\"Adaptive\",\"url\":\"https:\/\/adaptive.lv\/\",\"logo\":{\"@type\":\"ImageObject\",\"inLanguage\":\"en-US\",\"@id\":\"https:\/\/adaptive.lv\/#\/schema\/logo\/image\/\",\"url\":\"https:\/\/adaptive.lv\/wp-content\/uploads\/2024\/07\/Adaptive-logo.png\",\"contentUrl\":\"https:\/\/adaptive.lv\/wp-content\/uploads\/2024\/07\/Adaptive-logo.png\",\"width\":250,\"height\":61,\"caption\":\"Adaptive\"},\"image\":{\"@id\":\"https:\/\/adaptive.lv\/#\/schema\/logo\/image\/\"},\"sameAs\":[\"https:\/\/www.facebook.com\/adaptiveLV\/\",\"https:\/\/www.linkedin.com\/company\/adaptive-sia\/\"]}]}<\/script>\n<!-- \/ Yoast SEO plugin. -->","yoast_head_json":{"title":"HPE - Adaptive","description":"Our services are delivered by experienced and certified specialists, whose expertise has been validated by HPE.","robots":{"index":"index","follow":"follow","max-snippet":"max-snippet:-1","max-image-preview":"max-image-preview:large","max-video-preview":"max-video-preview:-1"},"canonical":"https:\/\/adaptive.lv\/en\/hpe\/","og_locale":"en_US","og_type":"article","og_title":"HPE - Adaptive","og_description":"Our services are delivered by experienced and certified specialists, whose expertise has been validated by HPE.","og_url":"https:\/\/adaptive.lv\/en\/hpe\/","og_site_name":"Adaptive","article_publisher":"https:\/\/www.facebook.com\/adaptiveLV\/","article_modified_time":"2025-02-11T09:17:04+00:00","og_image":[{"url":"https:\/\/adaptive.lv\/wp-content\/uploads\/2025\/02\/HPE@4x.png","type":"","width":"","height":""}],"twitter_card":"summary_large_image","twitter_misc":{"Est. reading time":"2 minutes"},"schema":{"@context":"https:\/\/schema.org","@graph":[{"@type":"WebPage","@id":"https:\/\/adaptive.lv\/en\/hpe\/","url":"https:\/\/adaptive.lv\/en\/hpe\/","name":"HPE - Adaptive","isPartOf":{"@id":"https:\/\/adaptive.lv\/#website"},"primaryImageOfPage":{"@id":"https:\/\/adaptive.lv\/en\/hpe\/#primaryimage"},"image":{"@id":"https:\/\/adaptive.lv\/en\/hpe\/#primaryimage"},"thumbnailUrl":"https:\/\/adaptive.lv\/wp-content\/uploads\/2025\/02\/HPE@4x.png","datePublished":"2025-02-11T09:09:08+00:00","dateModified":"2025-02-11T09:17:04+00:00","description":"Our services are delivered by experienced and certified specialists, whose expertise has been validated by HPE.","breadcrumb":{"@id":"https:\/\/adaptive.lv\/en\/hpe\/#breadcrumb"},"inLanguage":"en-US","potentialAction":[{"@type":"ReadAction","target":["https:\/\/adaptive.lv\/en\/hpe\/"]}]},{"@type":"ImageObject","inLanguage":"en-US","@id":"https:\/\/adaptive.lv\/en\/hpe\/#primaryimage","url":"https:\/\/adaptive.lv\/wp-content\/uploads\/2025\/02\/HPE@4x.png","contentUrl":"https:\/\/adaptive.lv\/wp-content\/uploads\/2025\/02\/HPE@4x.png"},{"@type":"BreadcrumbList","@id":"https:\/\/adaptive.lv\/en\/hpe\/#breadcrumb","itemListElement":[{"@type":"ListItem","position":1,"name":"Home","item":"https:\/\/adaptive.lv\/"},{"@type":"ListItem","position":2,"name":"HPE"}]},{"@type":"WebSite","@id":"https:\/\/adaptive.lv\/#website","url":"https:\/\/adaptive.lv\/","name":"Adaptive","description":"Partneru nov\u0113rt\u0113ti IT infrastrukt\u016bras eksperti","publisher":{"@id":"https:\/\/adaptive.lv\/#organization"},"potentialAction":[{"@type":"SearchAction","target":{"@type":"EntryPoint","urlTemplate":"https:\/\/adaptive.lv\/?s={search_term_string}"},"query-input":{"@type":"PropertyValueSpecification","valueRequired":true,"valueName":"search_term_string"}}],"inLanguage":"en-US"},{"@type":"Organization","@id":"https:\/\/adaptive.lv\/#organization","name":"Adaptive","url":"https:\/\/adaptive.lv\/","logo":{"@type":"ImageObject","inLanguage":"en-US","@id":"https:\/\/adaptive.lv\/#\/schema\/logo\/image\/","url":"https:\/\/adaptive.lv\/wp-content\/uploads\/2024\/07\/Adaptive-logo.png","contentUrl":"https:\/\/adaptive.lv\/wp-content\/uploads\/2024\/07\/Adaptive-logo.png","width":250,"height":61,"caption":"Adaptive"},"image":{"@id":"https:\/\/adaptive.lv\/#\/schema\/logo\/image\/"},"sameAs":["https:\/\/www.facebook.com\/adaptiveLV\/","https:\/\/www.linkedin.com\/company\/adaptive-sia\/"]}]}},"_links":{"self":[{"href":"https:\/\/adaptive.lv\/en\/wp-json\/wp\/v2\/pages\/1531","targetHints":{"allow":["GET"]}}],"collection":[{"href":"https:\/\/adaptive.lv\/en\/wp-json\/wp\/v2\/pages"}],"about":[{"href":"https:\/\/adaptive.lv\/en\/wp-json\/wp\/v2\/types\/page"}],"author":[{"embeddable":true,"href":"https:\/\/adaptive.lv\/en\/wp-json\/wp\/v2\/users\/3"}],"replies":[{"embeddable":true,"href":"https:\/\/adaptive.lv\/en\/wp-json\/wp\/v2\/comments?post=1531"}],"version-history":[{"count":7,"href":"https:\/\/adaptive.lv\/en\/wp-json\/wp\/v2\/pages\/1531\/revisions"}],"predecessor-version":[{"id":1542,"href":"https:\/\/adaptive.lv\/en\/wp-json\/wp\/v2\/pages\/1531\/revisions\/1542"}],"wp:attachment":[{"href":"https:\/\/adaptive.lv\/en\/wp-json\/wp\/v2\/media?parent=1531"}],"curies":[{"name":"wp","href":"https:\/\/api.w.org\/{rel}","templated":true}]}}